{"id":786,"date":"2023-10-22T12:14:43","date_gmt":"2023-10-22T10:14:43","guid":{"rendered":"https:\/\/www.bodegassanchezrosado.com\/contact\/"},"modified":"2025-06-29T14:15:00","modified_gmt":"2025-06-29T12:15:00","slug":"contact","status":"publish","type":"page","link":"https:\/\/www.bodegassanchezrosado.com\/en\/contact\/","title":{"rendered":"Contact"},"content":{"rendered":"<h1 class=\"entry-title\">Contact<\/h1>\n\n<div class=\"wpcf7 no-js\" id=\"wpcf7-f832-o1\" lang=\"en-US\" dir=\"ltr\" data-wpcf7-id=\"832\">\n<div class=\"screen-reader-response\"><p role=\"status\" aria-live=\"polite\" aria-atomic=\"true\"><\/p> <ul><\/ul><\/div>\n<form action=\"\/en\/wp-json\/wp\/v2\/pages\/786#wpcf7-f832-o1\" method=\"post\" class=\"wpcf7-form init\" aria-label=\"Contact form\" novalidate=\"novalidate\" data-status=\"init\">\n<fieldset class=\"hidden-fields-container\"><input type=\"hidden\" name=\"_wpcf7\" value=\"832\" \/><input type=\"hidden\" name=\"_wpcf7_version\" value=\"6.1.5\" \/><input type=\"hidden\" name=\"_wpcf7_locale\" value=\"en_US\" \/><input type=\"hidden\" name=\"_wpcf7_unit_tag\" value=\"wpcf7-f832-o1\" \/><input type=\"hidden\" name=\"_wpcf7_container_post\" value=\"0\" \/><input type=\"hidden\" name=\"_wpcf7_posted_data_hash\" value=\"\" \/>\n<\/fieldset>\n<p><label> Your name<br \/>\n<span class=\"wpcf7-form-control-wrap\" data-name=\"your-name\"><input size=\"40\" maxlength=\"400\" class=\"wpcf7-form-control wpcf7-text wpcf7-validates-as-required\" autocomplete=\"name\" aria-required=\"true\" aria-invalid=\"false\" value=\"\" type=\"text\" name=\"your-name\" \/><\/span> <\/label>\n<\/p>\n<p><label> Your e-mail<br \/>\n<span class=\"wpcf7-form-control-wrap\" data-name=\"your-email\"><input size=\"40\" maxlength=\"400\" class=\"wpcf7-form-control wpcf7-email wpcf7-validates-as-required wpcf7-text wpcf7-validates-as-email\" autocomplete=\"email\" aria-required=\"true\" aria-invalid=\"false\" value=\"\" type=\"email\" name=\"your-email\" \/><\/span> <\/label>\n<\/p>\n<p><label> Your phone number<br \/>\n<span class=\"wpcf7-form-control-wrap\" data-name=\"tel-731\"><input size=\"40\" maxlength=\"400\" class=\"wpcf7-form-control wpcf7-tel wpcf7-validates-as-required wpcf7-text wpcf7-validates-as-tel\" aria-required=\"true\" aria-invalid=\"false\" value=\"\" type=\"tel\" name=\"tel-731\" \/><\/span> <\/label>\n<\/p>\n<p><label> Subject:<span class=\"wpcf7-form-control-wrap\" data-name=\"Opciones\"><select class=\"wpcf7-form-control wpcf7-select\" aria-invalid=\"false\" name=\"Opciones\"><option value=\"\">&#8212;Please choose an option&#8212;<\/option><option value=\"Visit with tasting\">Visit with tasting<\/option><option value=\"Order enquiry\">Order enquiry<\/option><option value=\"Further information\">Further information<\/option><option value=\"Other enquiry\">Other enquiry<\/option><\/select><\/span> <\/label>\n<\/p>\n<p><label> Your message (opcional)<br \/>\n<span class=\"wpcf7-form-control-wrap\" data-name=\"your-message\"><textarea cols=\"40\" rows=\"10\" maxlength=\"2000\" class=\"wpcf7-form-control wpcf7-textarea\" aria-invalid=\"false\" name=\"your-message\"><\/textarea><\/span> <\/label><br \/>\n<span class=\"wpcf7-form-control-wrap recaptcha\" data-name=\"recaptcha\"><span class=\"wpcf7-form-control wpcf7-recaptcha g-recaptcha\"><\/span><\/span>\n<\/p>\n<p><input class=\"wpcf7-form-control wpcf7-submit has-spinner\" type=\"submit\" value=\"Send\" \/>\n<\/p><p style=\"display: none !important;\" class=\"akismet-fields-container\" data-prefix=\"_wpcf7_ak_\"><label>&#916;<textarea name=\"_wpcf7_ak_hp_textarea\" cols=\"45\" rows=\"8\" maxlength=\"100\"><\/textarea><\/label><input type=\"hidden\" id=\"ak_js_1\" name=\"_wpcf7_ak_js\" value=\"197\"\/><script>\ndocument.getElementById( \"ak_js_1\" ).setAttribute( \"value\", ( new Date() ).getTime() );\n<\/script>\n<\/p><div class=\"wpcf7-response-output\" aria-hidden=\"true\"><\/div>\n<\/form>\n<\/div>\n\n<div class=\"entry-content\">\n<p><strong>How to get there:<\/strong><br \/>\nPago de los Pilones | Vi\u00f1as Viejas<\/p>\n<p>Parcela 47 del pol\u00edgono 14<br \/>\n29570 C\u00e1rtama (M\u00e1laga)<br \/>\nTelephone (+34) 648 790 070<br \/>\ninfo@bodegassanchezrosado.com<\/p>\n<p><iframe style=\"border: 0;\" src=\"https:\/\/www.google.com\/maps\/embed?pb=!1m14!1m8!1m3!1d51171.64227273936!2d-4.5435814!3d36.7170937!3m2!1i1024!2i768!4f13.1!3m3!1m2!1s0xd72ef7a67ac4d01%3A0x8684700553c44374!2sBodega%20S%C3%A1nchez%20Rosado!5e0!3m2!1ses!2ses!4v1698233545156!5m2!1ses!2ses\" width=\"600\" height=\"450\" allowfullscreen=\"allowfullscreen\"><\/iframe><\/p>\n<\/div>\n","protected":false},"excerpt":{"rendered":"<p>Contact How to get there: Pago de los Pilones | Vi\u00f1as Viejas Parcela 47 del pol\u00edgono 14 29570 C\u00e1rtama (M\u00e1laga) Telephone (+34) 648 790 070 [&hellip;]<\/p>\n","protected":false},"author":1,"featured_media":0,"parent":0,"menu_order":0,"comment_status":"closed","ping_status":"closed","template":"","meta":{"footnotes":""},"class_list":["post-786","page","type-page","status-publish","hentry"],"aioseo_notices":[],"_links":{"self":[{"href":"https:\/\/www.bodegassanchezrosado.com\/en\/wp-json\/wp\/v2\/pages\/786","targetHints":{"allow":["GET"]}}],"collection":[{"href":"https:\/\/www.bodegassanchezrosado.com\/en\/wp-json\/wp\/v2\/pages"}],"about":[{"href":"https:\/\/www.bodegassanchezrosado.com\/en\/wp-json\/wp\/v2\/types\/page"}],"author":[{"embeddable":true,"href":"https:\/\/www.bodegassanchezrosado.com\/en\/wp-json\/wp\/v2\/users\/1"}],"replies":[{"embeddable":true,"href":"https:\/\/www.bodegassanchezrosado.com\/en\/wp-json\/wp\/v2\/comments?post=786"}],"version-history":[{"count":11,"href":"https:\/\/www.bodegassanchezrosado.com\/en\/wp-json\/wp\/v2\/pages\/786\/revisions"}],"predecessor-version":[{"id":906,"href":"https:\/\/www.bodegassanchezrosado.com\/en\/wp-json\/wp\/v2\/pages\/786\/revisions\/906"}],"wp:attachment":[{"href":"https:\/\/www.bodegassanchezrosado.com\/en\/wp-json\/wp\/v2\/media?parent=786"}],"curies":[{"name":"wp","href":"https:\/\/api.w.org\/{rel}","templated":true}]}}