{"id":781,"date":"2023-10-19T20:35:47","date_gmt":"2023-10-19T18:35:47","guid":{"rendered":"https:\/\/www.bodegassanchezrosado.com\/our-cave\/"},"modified":"2023-11-17T10:14:57","modified_gmt":"2023-11-17T09:14:57","slug":"our-bodega","status":"publish","type":"page","link":"https:\/\/www.bodegassanchezrosado.com\/en\/our-bodega\/","title":{"rendered":"Our bodega"},"content":{"rendered":"<h1><b>Our bodega<\/b><\/h1>\n<p><a href=\"https:\/\/www.bodegassanchezrosado.com\/wp-content\/uploads\/2018\/11\/Bodegas-Sanchez-Rosado-Vinos-de-Malaga_F2-300x225.jpg\" data-lightbox=\"gal[781]\"><img fetchpriority=\"high\" decoding=\"async\" class=\"alignleft\" src=\"https:\/\/web.archive.org\/web\/20230606071708im_\/http:\/\/www.bodegassanchezrosado.com\/wp-content\/uploads\/2018\/11\/Bodegas-Sanchez-Rosado-Vinos-de-Malaga_F2-300x225.jpg\" alt=\"Bodegas Sanchez Rosado Wines of Malaga_F2 Winery visits Wine tourism Visit our winery\" width=\"300\" height=\"225\" \/><\/a>The project of the winery was initiated by the S\u00e1nchez &#8211; Rosado family in 1998, when they acquired the estate &#8220;La Chamusc\u00e1&#8221;, located in the mountains of the municipality of C\u00e1rtama, about 20 km west of the city of M\u00e1laga &#8211; Andalusia in the extreme south of Spain.<br \/>\nTheir intention was to recuperate the winemaking tradition that had existed on the &#8220;Sierra de C\u00e1rtama&#8221; mountain since Roman times\u00a0until the phylloxera ravaged it completely long time ago. It became the main motivation for many years of hard work, seeking steady progress in this passionate world of wine production.<\/p>\n<p>&nbsp;<\/p>\n<p><img decoding=\"async\" class=\"alignleft\" src=\"https:\/\/www.bodegassanchezrosado.com\/wp-content\/uploads\/2023\/10\/B033-Bodega-Vinos-Malaga-Sanchez-Rosado-Wines-Red-White-Rosado-Vins-de-la-Terre-de-Malaga_-300x225-1.jpg\" alt=\"\" width=\"300\" height=\"225\" \/>The winery was acquired in 2017 by a Belgian investors family, also passionate about wine. Their intention is to continue this fine tradition and invest in the winery\u2019s further development and the creation of high-quality wines.<\/p>\n<p>&nbsp;<\/p>\n<p>&nbsp;<\/p>\n<p><img decoding=\"async\" class=\"alignleft\" src=\"https:\/\/www.bodegassanchezrosado.com\/wp-content\/uploads\/2023\/10\/Vinos-Cartama-Malaga-Bodegas-Sanchez-Rosado_3VINOS_2022-300x258-1.jpg\" alt=\"\" width=\"300\" height=\"258\" \/>We currently produce 4 quality wines which all have the &#8220;Denominaci\u00f3n de Origen Sierras de M\u00e1laga&#8221;:<\/p>\n<p>.- The <strong>Tinto Crianza 2018, C\u00e1rtima Siglo XXI<\/strong>: a blend of Merlot, Cabernet Sauvignon and Syrah, balanced, full-bodied and aged for 12 months in French oak barrels.<br \/>\n.- The <b>Blanco,<strong> Moscatel seco Roble 2022, C\u00e1rtima Siglo XXI<\/strong>:<\/b> a dry, aromatic wine, aged for 3 months over lees and partially in French oak barrels, also for 3 months, made from 100% Moscatel de M\u00e1laga, a native grape of the province.<br \/>\n.- The <b><strong>Rosado 2022, C\u00e1rtima Siglo XXI<\/strong>: <\/b>fresh, aromatic wine, 100% Syrah variety.<br \/>\n<strong>.- Tinto Reserva 2017 <\/strong>C\u00e1rtima Siglo XXI; Merlot, Cabernet Sauvignon, Syrah, elegant wine, colour, cherry, spices, aged for 18 months in French oak barrels.<\/p>\n<div id='gallery-1' class='gallery galleryid-781 gallery-columns-4 gallery-size-medium'><figure class='gallery-item'>\n\t\t\t<div class='gallery-icon landscape'>\n\t\t\t\t<a href='https:\/\/www.bodegassanchezrosado.com\/en\/our-bodega\/b00-bodega-vinos-malaga-sanchez-rosado-wines-red-white-rosado-vins-de-la-terre-de-malaga_-2-2\/'><img loading=\"lazy\" decoding=\"async\" width=\"300\" height=\"226\" src=\"https:\/\/www.bodegassanchezrosado.com\/wp-content\/uploads\/2023\/10\/B00-Bodega-Vinos-Malaga-Sanchez-Rosado-Wines-Red-White-Rosado-Vins-de-la-Terre-de-Malaga_-300x226.jpg\" class=\"attachment-medium size-medium\" alt=\"\" srcset=\"https:\/\/www.bodegassanchezrosado.com\/wp-content\/uploads\/2023\/10\/B00-Bodega-Vinos-Malaga-Sanchez-Rosado-Wines-Red-White-Rosado-Vins-de-la-Terre-de-Malaga_-300x226.jpg 300w, https:\/\/www.bodegassanchezrosado.com\/wp-content\/uploads\/2023\/10\/B00-Bodega-Vinos-Malaga-Sanchez-Rosado-Wines-Red-White-Rosado-Vins-de-la-Terre-de-Malaga_.jpg 695w\" sizes=\"(max-width: 300px) 100vw, 300px\" \/><\/a>\n\t\t\t<\/div><\/figure><figure class='gallery-item'>\n\t\t\t<div class='gallery-icon landscape'>\n\t\t\t\t<a href='https:\/\/www.bodegassanchezrosado.com\/en\/our-bodega\/b01-bodega-vinos-malaga-sanchez-rosado-wines-red-white-rosado-vins-de-la-terre-de-malaga_-2-2\/'><img loading=\"lazy\" decoding=\"async\" width=\"300\" height=\"225\" src=\"https:\/\/www.bodegassanchezrosado.com\/wp-content\/uploads\/2023\/10\/B01-Bodega-Vinos-Malaga-Sanchez-Rosado-Wines-Red-White-Rosado-Vins-de-la-Terre-de-Malaga_-300x225.jpg\" class=\"attachment-medium size-medium\" alt=\"\" srcset=\"https:\/\/www.bodegassanchezrosado.com\/wp-content\/uploads\/2023\/10\/B01-Bodega-Vinos-Malaga-Sanchez-Rosado-Wines-Red-White-Rosado-Vins-de-la-Terre-de-Malaga_-300x225.jpg 300w, https:\/\/www.bodegassanchezrosado.com\/wp-content\/uploads\/2023\/10\/B01-Bodega-Vinos-Malaga-Sanchez-Rosado-Wines-Red-White-Rosado-Vins-de-la-Terre-de-Malaga_-1024x768.jpg 1024w, https:\/\/www.bodegassanchezrosado.com\/wp-content\/uploads\/2023\/10\/B01-Bodega-Vinos-Malaga-Sanchez-Rosado-Wines-Red-White-Rosado-Vins-de-la-Terre-de-Malaga_-768x576.jpg 768w, https:\/\/www.bodegassanchezrosado.com\/wp-content\/uploads\/2023\/10\/B01-Bodega-Vinos-Malaga-Sanchez-Rosado-Wines-Red-White-Rosado-Vins-de-la-Terre-de-Malaga_.jpg 1040w\" sizes=\"(max-width: 300px) 100vw, 300px\" \/><\/a>\n\t\t\t<\/div><\/figure><figure class='gallery-item'>\n\t\t\t<div class='gallery-icon landscape'>\n\t\t\t\t<a href='https:\/\/www.bodegassanchezrosado.com\/en\/our-bodega\/b03-bodega-vinos-malaga-sanchez-rosado-wines-red-white-rosado-vins-de-la-terre-de-malaga_-2-2\/'><img loading=\"lazy\" decoding=\"async\" width=\"300\" height=\"225\" src=\"https:\/\/www.bodegassanchezrosado.com\/wp-content\/uploads\/2023\/10\/B03-Bodega-Vinos-Malaga-Sanchez-Rosado-Wines-Red-White-Rosado-Vins-de-la-Terre-de-Malaga_-300x225.jpg\" class=\"attachment-medium size-medium\" alt=\"\" srcset=\"https:\/\/www.bodegassanchezrosado.com\/wp-content\/uploads\/2023\/10\/B03-Bodega-Vinos-Malaga-Sanchez-Rosado-Wines-Red-White-Rosado-Vins-de-la-Terre-de-Malaga_-300x225.jpg 300w, https:\/\/www.bodegassanchezrosado.com\/wp-content\/uploads\/2023\/10\/B03-Bodega-Vinos-Malaga-Sanchez-Rosado-Wines-Red-White-Rosado-Vins-de-la-Terre-de-Malaga_-1024x768.jpg 1024w, https:\/\/www.bodegassanchezrosado.com\/wp-content\/uploads\/2023\/10\/B03-Bodega-Vinos-Malaga-Sanchez-Rosado-Wines-Red-White-Rosado-Vins-de-la-Terre-de-Malaga_-768x576.jpg 768w, https:\/\/www.bodegassanchezrosado.com\/wp-content\/uploads\/2023\/10\/B03-Bodega-Vinos-Malaga-Sanchez-Rosado-Wines-Red-White-Rosado-Vins-de-la-Terre-de-Malaga_.jpg 1040w\" sizes=\"(max-width: 300px) 100vw, 300px\" \/><\/a>\n\t\t\t<\/div><\/figure><figure class='gallery-item'>\n\t\t\t<div class='gallery-icon landscape'>\n\t\t\t\t<a href='https:\/\/www.bodegassanchezrosado.com\/en\/our-bodega\/b04-bodega-vinos-malaga-sanchez-rosado-wines-red-white-rosado-vins-de-la-terre-de-malaga_-2-2\/'><img loading=\"lazy\" decoding=\"async\" width=\"300\" height=\"225\" src=\"https:\/\/www.bodegassanchezrosado.com\/wp-content\/uploads\/2023\/10\/B04-Bodega-Vinos-Malaga-Sanchez-Rosado-Wines-Red-White-Rosado-Vins-de-la-Terre-de-Malaga_-300x225.jpg\" class=\"attachment-medium size-medium\" alt=\"\" srcset=\"https:\/\/www.bodegassanchezrosado.com\/wp-content\/uploads\/2023\/10\/B04-Bodega-Vinos-Malaga-Sanchez-Rosado-Wines-Red-White-Rosado-Vins-de-la-Terre-de-Malaga_-300x225.jpg 300w, https:\/\/www.bodegassanchezrosado.com\/wp-content\/uploads\/2023\/10\/B04-Bodega-Vinos-Malaga-Sanchez-Rosado-Wines-Red-White-Rosado-Vins-de-la-Terre-de-Malaga_-1024x768.jpg 1024w, https:\/\/www.bodegassanchezrosado.com\/wp-content\/uploads\/2023\/10\/B04-Bodega-Vinos-Malaga-Sanchez-Rosado-Wines-Red-White-Rosado-Vins-de-la-Terre-de-Malaga_-768x576.jpg 768w, https:\/\/www.bodegassanchezrosado.com\/wp-content\/uploads\/2023\/10\/B04-Bodega-Vinos-Malaga-Sanchez-Rosado-Wines-Red-White-Rosado-Vins-de-la-Terre-de-Malaga_.jpg 1040w\" sizes=\"(max-width: 300px) 100vw, 300px\" \/><\/a>\n\t\t\t<\/div><\/figure><figure class='gallery-item'>\n\t\t\t<div class='gallery-icon landscape'>\n\t\t\t\t<a href='https:\/\/www.bodegassanchezrosado.com\/en\/our-bodega\/bodega-vinos-malaga-sanchez-rosado-wines-red-white-rosado-vins-de-la-terre-de-malaga-1-2-2\/'><img loading=\"lazy\" decoding=\"async\" width=\"300\" height=\"200\" src=\"https:\/\/www.bodegassanchezrosado.com\/wp-content\/uploads\/2023\/10\/Bodega-Vinos-Malaga-Sanchez-Rosado-Wines-Red-White-Rosado-Vins-de-la-Terre-de-Malaga-1-300x200.jpg\" class=\"attachment-medium size-medium\" alt=\"\" srcset=\"https:\/\/www.bodegassanchezrosado.com\/wp-content\/uploads\/2023\/10\/Bodega-Vinos-Malaga-Sanchez-Rosado-Wines-Red-White-Rosado-Vins-de-la-Terre-de-Malaga-1-300x200.jpg 300w, https:\/\/www.bodegassanchezrosado.com\/wp-content\/uploads\/2023\/10\/Bodega-Vinos-Malaga-Sanchez-Rosado-Wines-Red-White-Rosado-Vins-de-la-Terre-de-Malaga-1-1024x683.jpg 1024w, https:\/\/www.bodegassanchezrosado.com\/wp-content\/uploads\/2023\/10\/Bodega-Vinos-Malaga-Sanchez-Rosado-Wines-Red-White-Rosado-Vins-de-la-Terre-de-Malaga-1-768x512.jpg 768w, https:\/\/www.bodegassanchezrosado.com\/wp-content\/uploads\/2023\/10\/Bodega-Vinos-Malaga-Sanchez-Rosado-Wines-Red-White-Rosado-Vins-de-la-Terre-de-Malaga-1-870x580.jpg 870w, https:\/\/www.bodegassanchezrosado.com\/wp-content\/uploads\/2023\/10\/Bodega-Vinos-Malaga-Sanchez-Rosado-Wines-Red-White-Rosado-Vins-de-la-Terre-de-Malaga-1-615x410.jpg 615w, https:\/\/www.bodegassanchezrosado.com\/wp-content\/uploads\/2023\/10\/Bodega-Vinos-Malaga-Sanchez-Rosado-Wines-Red-White-Rosado-Vins-de-la-Terre-de-Malaga-1-1170x780.jpg 1170w, https:\/\/www.bodegassanchezrosado.com\/wp-content\/uploads\/2023\/10\/Bodega-Vinos-Malaga-Sanchez-Rosado-Wines-Red-White-Rosado-Vins-de-la-Terre-de-Malaga-1.jpg 1417w\" sizes=\"(max-width: 300px) 100vw, 300px\" \/><\/a>\n\t\t\t<\/div><\/figure><figure class='gallery-item'>\n\t\t\t<div class='gallery-icon landscape'>\n\t\t\t\t<a href='https:\/\/www.bodegassanchezrosado.com\/en\/our-bodega\/bodega-vinos-malaga-sanchez-rosado-wines-red-white-rosado-vins-de-la-terre-de-malaga-2-2-2\/'><img loading=\"lazy\" decoding=\"async\" width=\"300\" height=\"200\" src=\"https:\/\/www.bodegassanchezrosado.com\/wp-content\/uploads\/2023\/10\/Bodega-Vinos-Malaga-Sanchez-Rosado-Wines-Red-White-Rosado-Vins-de-la-Terre-de-Malaga-2-300x200.jpg\" class=\"attachment-medium size-medium\" alt=\"\" srcset=\"https:\/\/www.bodegassanchezrosado.com\/wp-content\/uploads\/2023\/10\/Bodega-Vinos-Malaga-Sanchez-Rosado-Wines-Red-White-Rosado-Vins-de-la-Terre-de-Malaga-2-300x200.jpg 300w, https:\/\/www.bodegassanchezrosado.com\/wp-content\/uploads\/2023\/10\/Bodega-Vinos-Malaga-Sanchez-Rosado-Wines-Red-White-Rosado-Vins-de-la-Terre-de-Malaga-2-1024x682.jpg 1024w, https:\/\/www.bodegassanchezrosado.com\/wp-content\/uploads\/2023\/10\/Bodega-Vinos-Malaga-Sanchez-Rosado-Wines-Red-White-Rosado-Vins-de-la-Terre-de-Malaga-2-768x512.jpg 768w, https:\/\/www.bodegassanchezrosado.com\/wp-content\/uploads\/2023\/10\/Bodega-Vinos-Malaga-Sanchez-Rosado-Wines-Red-White-Rosado-Vins-de-la-Terre-de-Malaga-2-870x580.jpg 870w, https:\/\/www.bodegassanchezrosado.com\/wp-content\/uploads\/2023\/10\/Bodega-Vinos-Malaga-Sanchez-Rosado-Wines-Red-White-Rosado-Vins-de-la-Terre-de-Malaga-2-615x410.jpg 615w, https:\/\/www.bodegassanchezrosado.com\/wp-content\/uploads\/2023\/10\/Bodega-Vinos-Malaga-Sanchez-Rosado-Wines-Red-White-Rosado-Vins-de-la-Terre-de-Malaga-2-1170x780.jpg 1170w, https:\/\/www.bodegassanchezrosado.com\/wp-content\/uploads\/2023\/10\/Bodega-Vinos-Malaga-Sanchez-Rosado-Wines-Red-White-Rosado-Vins-de-la-Terre-de-Malaga-2.jpg 1288w\" sizes=\"(max-width: 300px) 100vw, 300px\" \/><\/a>\n\t\t\t<\/div><\/figure><figure class='gallery-item'>\n\t\t\t<div class='gallery-icon landscape'>\n\t\t\t\t<a href='https:\/\/www.bodegassanchezrosado.com\/en\/our-bodega\/bodega-vinos-malaga-sanchez-rosado-wines-red-white-rosado-vins-de-la-terre-de-malaga-4-2-2\/'><img loading=\"lazy\" decoding=\"async\" width=\"300\" height=\"200\" src=\"https:\/\/www.bodegassanchezrosado.com\/wp-content\/uploads\/2023\/10\/Bodega-Vinos-Malaga-Sanchez-Rosado-Wines-Red-White-Rosado-Vins-de-la-Terre-de-Malaga-4-300x200.jpg\" class=\"attachment-medium size-medium\" alt=\"\" srcset=\"https:\/\/www.bodegassanchezrosado.com\/wp-content\/uploads\/2023\/10\/Bodega-Vinos-Malaga-Sanchez-Rosado-Wines-Red-White-Rosado-Vins-de-la-Terre-de-Malaga-4-300x200.jpg 300w, https:\/\/www.bodegassanchezrosado.com\/wp-content\/uploads\/2023\/10\/Bodega-Vinos-Malaga-Sanchez-Rosado-Wines-Red-White-Rosado-Vins-de-la-Terre-de-Malaga-4-1024x683.jpg 1024w, https:\/\/www.bodegassanchezrosado.com\/wp-content\/uploads\/2023\/10\/Bodega-Vinos-Malaga-Sanchez-Rosado-Wines-Red-White-Rosado-Vins-de-la-Terre-de-Malaga-4-768x512.jpg 768w, https:\/\/www.bodegassanchezrosado.com\/wp-content\/uploads\/2023\/10\/Bodega-Vinos-Malaga-Sanchez-Rosado-Wines-Red-White-Rosado-Vins-de-la-Terre-de-Malaga-4-870x580.jpg 870w, https:\/\/www.bodegassanchezrosado.com\/wp-content\/uploads\/2023\/10\/Bodega-Vinos-Malaga-Sanchez-Rosado-Wines-Red-White-Rosado-Vins-de-la-Terre-de-Malaga-4-615x410.jpg 615w, https:\/\/www.bodegassanchezrosado.com\/wp-content\/uploads\/2023\/10\/Bodega-Vinos-Malaga-Sanchez-Rosado-Wines-Red-White-Rosado-Vins-de-la-Terre-de-Malaga-4-1170x780.jpg 1170w, https:\/\/www.bodegassanchezrosado.com\/wp-content\/uploads\/2023\/10\/Bodega-Vinos-Malaga-Sanchez-Rosado-Wines-Red-White-Rosado-Vins-de-la-Terre-de-Malaga-4.jpg 1266w\" sizes=\"(max-width: 300px) 100vw, 300px\" \/><\/a>\n\t\t\t<\/div><\/figure><figure class='gallery-item'>\n\t\t\t<div class='gallery-icon landscape'>\n\t\t\t\t<a href='https:\/\/www.bodegassanchezrosado.com\/en\/our-bodega\/bodega-vinos-malaga-sanchez-rosado-wines-red-white-rosado-vins-de-la-terre-de-malaga-5-2-2\/'><img loading=\"lazy\" decoding=\"async\" width=\"300\" height=\"200\" src=\"https:\/\/www.bodegassanchezrosado.com\/wp-content\/uploads\/2023\/10\/Bodega-Vinos-Malaga-Sanchez-Rosado-Wines-Red-White-Rosado-Vins-de-la-Terre-de-Malaga-5-300x200.jpg\" class=\"attachment-medium size-medium\" alt=\"\" srcset=\"https:\/\/www.bodegassanchezrosado.com\/wp-content\/uploads\/2023\/10\/Bodega-Vinos-Malaga-Sanchez-Rosado-Wines-Red-White-Rosado-Vins-de-la-Terre-de-Malaga-5-300x200.jpg 300w, https:\/\/www.bodegassanchezrosado.com\/wp-content\/uploads\/2023\/10\/Bodega-Vinos-Malaga-Sanchez-Rosado-Wines-Red-White-Rosado-Vins-de-la-Terre-de-Malaga-5-1024x684.jpg 1024w, https:\/\/www.bodegassanchezrosado.com\/wp-content\/uploads\/2023\/10\/Bodega-Vinos-Malaga-Sanchez-Rosado-Wines-Red-White-Rosado-Vins-de-la-Terre-de-Malaga-5-768x513.jpg 768w, https:\/\/www.bodegassanchezrosado.com\/wp-content\/uploads\/2023\/10\/Bodega-Vinos-Malaga-Sanchez-Rosado-Wines-Red-White-Rosado-Vins-de-la-Terre-de-Malaga-5-870x580.jpg 870w, https:\/\/www.bodegassanchezrosado.com\/wp-content\/uploads\/2023\/10\/Bodega-Vinos-Malaga-Sanchez-Rosado-Wines-Red-White-Rosado-Vins-de-la-Terre-de-Malaga-5-615x410.jpg 615w, https:\/\/www.bodegassanchezrosado.com\/wp-content\/uploads\/2023\/10\/Bodega-Vinos-Malaga-Sanchez-Rosado-Wines-Red-White-Rosado-Vins-de-la-Terre-de-Malaga-5-1170x780.jpg 1170w, https:\/\/www.bodegassanchezrosado.com\/wp-content\/uploads\/2023\/10\/Bodega-Vinos-Malaga-Sanchez-Rosado-Wines-Red-White-Rosado-Vins-de-la-Terre-de-Malaga-5.jpg 1417w\" sizes=\"(max-width: 300px) 100vw, 300px\" \/><\/a>\n\t\t\t<\/div><\/figure>\n\t\t<\/div>\n\n","protected":false},"excerpt":{"rendered":"<p>Our bodega The project of the winery was initiated by the S\u00e1nchez &#8211; Rosado family in 1998, when they acquired the estate &#8220;La Chamusc\u00e1&#8221;, located [&hellip;]<\/p>\n","protected":false},"author":1,"featured_media":0,"parent":0,"menu_order":0,"comment_status":"closed","ping_status":"closed","template":"templates\/template-fullwidth-boxed.php","meta":{"footnotes":""},"class_list":["post-781","page","type-page","status-publish","hentry"],"aioseo_notices":[],"_links":{"self":[{"href":"https:\/\/www.bodegassanchezrosado.com\/en\/wp-json\/wp\/v2\/pages\/781","targetHints":{"allow":["GET"]}}],"collection":[{"href":"https:\/\/www.bodegassanchezrosado.com\/en\/wp-json\/wp\/v2\/pages"}],"about":[{"href":"https:\/\/www.bodegassanchezrosado.com\/en\/wp-json\/wp\/v2\/types\/page"}],"author":[{"embeddable":true,"href":"https:\/\/www.bodegassanchezrosado.com\/en\/wp-json\/wp\/v2\/users\/1"}],"replies":[{"embeddable":true,"href":"https:\/\/www.bodegassanchezrosado.com\/en\/wp-json\/wp\/v2\/comments?post=781"}],"version-history":[{"count":4,"href":"https:\/\/www.bodegassanchezrosado.com\/en\/wp-json\/wp\/v2\/pages\/781\/revisions"}],"predecessor-version":[{"id":818,"href":"https:\/\/www.bodegassanchezrosado.com\/en\/wp-json\/wp\/v2\/pages\/781\/revisions\/818"}],"wp:attachment":[{"href":"https:\/\/www.bodegassanchezrosado.com\/en\/wp-json\/wp\/v2\/media?parent=781"}],"curies":[{"name":"wp","href":"https:\/\/api.w.org\/{rel}","templated":true}]}}